{"id":1591,"date":"2022-12-18T09:08:07","date_gmt":"2022-12-18T09:08:07","guid":{"rendered":"https:\/\/inmaculadabad.com\/services\/"},"modified":"2023-08-22T08:54:20","modified_gmt":"2023-08-22T08:54:20","slug":"services","status":"publish","type":"page","link":"https:\/\/inmaculadabad.com\/en\/services\/","title":{"rendered":"Services"},"content":{"rendered":"<div class=\"slider-wrapper relative\" id=\"slider-1727866111\" >\n    <div class=\"slider slider-nav-circle slider-nav-large slider-nav-light slider-style-normal\"\n        data-flickity-options='{\n            \"cellAlign\": \"center\",\n            \"imagesLoaded\": true,\n            \"lazyLoad\": 1,\n            \"freeScroll\": false,\n            \"wrapAround\": true,\n            \"autoPlay\": 6000,\n            \"pauseAutoPlayOnHover\" : true,\n            \"prevNextButtons\": true,\n            \"contain\" : true,\n            \"adaptiveHeight\" : true,\n            \"dragThreshold\" : 10,\n            \"percentPosition\": true,\n            \"pageDots\": true,\n            \"rightToLeft\": false,\n            \"draggable\": true,\n            \"selectedAttraction\": 0.1,\n            \"parallax\" : 0,\n            \"friction\": 0.6        }'\n        >\n        \n\n\n  <div class=\"banner has-hover\" id=\"banner-850740119\">\n          <div class=\"banner-inner fill\">\n        <div class=\"banner-bg fill\" >\n            <div class=\"bg fill bg-fill \"><\/div>\n                                    \n                    <\/div>\n\t\t\n        <div class=\"banner-layers container\">\n            <div class=\"fill banner-link\"><\/div>            \n\n   <div id=\"text-box-800884456\" class=\"text-box banner-layer x50 md-x95 lg-x100 y15 md-y20 lg-y50 res-text\">\n                                <div class=\"text-box-content text box-shadow-1\">\n              \n              <div class=\"text-inner text-left\">\n                  \n\n<h6>INMACULADA ABAD<\/h6>\n<h3 class=\"uppercase\">SERVICIOS<\/h3>\n<p>Ofrecemos servicios integrales de interiorismo que abarcan desde la construcci\u00f3n cuidadosa de espacios hasta la combinaci\u00f3n adaptada al estilo del cliente de materiales, mobiliario e iluminaci\u00f3n. Adem\u00e1s, nos encargamos de la gesti\u00f3n y coordinaci\u00f3n de todas las fases del proyecto para cumplir con el calendario y presupuesto acordados.<\/p>\n<a class=\"button secondary is-outline\"  >\n    <span>CONTACTAR<\/span>\n  <\/a>\n\n\n\n              <\/div>\n           <\/div>\n                            \n<style>\n#text-box-800884456 .text-box-content {\n  background-color: rgba(255, 255, 255, 0.94);\n  font-size: 100%;\n}\n#text-box-800884456 .text-inner {\n  padding: 30px 30px 30px 30px;\n}\n#text-box-800884456 {\n  width: 88%;\n}\n@media (min-width:550px) {\n  #text-box-800884456 {\n    width: 50%;\n  }\n}\n<\/style>\n    <\/div>\n \n\n        <\/div>\n      <\/div>\n\n            \n<style>\n#banner-850740119 {\n  padding-top: 637px;\n  background-color: rgb(255,255,255);\n}\n#banner-850740119 .bg.bg-loaded {\n  background-image: url(https:\/\/inmaculadabad.com\/wp-content\/uploads\/2023\/07\/piso-con-decoracion-nordica-moderna-y-paredes-pintadas-en-color-gris-salon_97b38547_1920x1280-copy.jpeg);\n}\n#banner-850740119 .bg {\n  background-position: 72% 100%;\n}\n<\/style>\n  <\/div>\n\n\n\n     <\/div>\n\n     <div class=\"loading-spin dark large centered\"><\/div>\n\n\t<\/div>\n\n\n\t<section class=\"section\" id=\"section_441914659\">\n\t\t<div class=\"bg section-bg fill bg-fill  bg-loaded\" >\n\n\t\t\t\n\t\t\t\n\t\t\t\n\n\t\t<\/div>\n\n\t\t\n\n\t\t<div class=\"section-content relative\">\n\t\t\t\n\n<h2>\u00a0<\/h2>\n<h2 style=\"text-align: center\">\u00bfC\u00f3mo Funcionamos?<\/h2>\n<p>\u00a0<\/p>\n<div class=\"row\"  id=\"row-1572569416\">\n\n\n\t<div id=\"col-141349118\" class=\"col medium-6 small-12 large-6 col-divided\"  >\n\t\t\t\t<div class=\"col-inner\"  >\n\t\t\t\n\t\t\t\n\n\t<div class=\"box has-hover   has-hover box-text-bottom\" >\n\n\t\t<div class=\"box-image\" style=\"width:20%;\">\n\t\t\t\t\t\t<div class=\"\" >\n\t\t\t\t<img loading=\"lazy\" decoding=\"async\" width=\"600\" height=\"430\" src=\"https:\/\/inmaculadabad.com\/wp-content\/uploads\/2023\/07\/icon1-e1692694072337.png\" class=\"attachment- size-\" alt=\"servicios de interiorismo en canarias\" srcset=\"https:\/\/inmaculadabad.com\/wp-content\/uploads\/2023\/07\/icon1-e1692694072337.png 600w, https:\/\/inmaculadabad.com\/wp-content\/uploads\/2023\/07\/icon1-e1692694072337-300x215.png 300w\" sizes=\"auto, (max-width: 600px) 100vw, 600px\" \/>\t\t\t\t\t\t\t\t\t\t\t<\/div>\n\t\t\t\t\t<\/div>\n\n\t\t<div class=\"box-text text-center\" >\n\t\t\t<div class=\"box-text-inner\">\n\t\t\t\t\n\n<p>\u00a0<\/p>\n<h4>Nos Reunimos y Cononocemos el Espacio<\/h4>\n<p>\u00a0<\/p>\n<p>Para que t\u00fa y tu espacio nos cont\u00e9is cu\u00e1les son vuestras necesidades y tomemos mediciones y datos con los expertos de nuestro estudio de dise\u00f1o de interiores. Queremos conocerte.<\/p>\n\n\t\t\t<\/div>\n\t\t<\/div>\n\t<\/div>\n\t\n\n\t\t<\/div>\n\t\t\t\t\n<style>\n#col-141349118 > .col-inner {\n  padding: 0px 24px 0px 0px;\n}\n<\/style>\n\t<\/div>\n\n\t\n\n\t<div id=\"col-2137608041\" class=\"col medium-6 small-12 large-6 col-divided\"  >\n\t\t\t\t<div class=\"col-inner\"  >\n\t\t\t\n\t\t\t\n\n\t<div class=\"box has-hover   has-hover box-text-bottom\" >\n\n\t\t<div class=\"box-image\" style=\"width:15%;\">\n\t\t\t\t\t\t<div class=\"image-cover\" style=\"padding-top:100%;\">\n\t\t\t\t<img loading=\"lazy\" decoding=\"async\" width=\"600\" height=\"600\" src=\"https:\/\/inmaculadabad.com\/wp-content\/uploads\/2023\/07\/icon3.png\" class=\"attachment- size-\" alt=\"\" srcset=\"https:\/\/inmaculadabad.com\/wp-content\/uploads\/2023\/07\/icon3.png 600w, https:\/\/inmaculadabad.com\/wp-content\/uploads\/2023\/07\/icon3-100x100.png 100w, https:\/\/inmaculadabad.com\/wp-content\/uploads\/2023\/07\/icon3-300x300.png 300w, https:\/\/inmaculadabad.com\/wp-content\/uploads\/2023\/07\/icon3-150x150.png 150w\" sizes=\"auto, (max-width: 600px) 100vw, 600px\" \/>\t\t\t\t\t\t\t\t\t\t\t<\/div>\n\t\t\t\t\t<\/div>\n\n\t\t<div class=\"box-text text-center\" >\n\t\t\t<div class=\"box-text-inner\">\n\t\t\t\t\n\n<p>\u00a0<\/p>\n<h4>Programa de Necesidades<\/h4>\n<p>\u00a0<\/p>\n<p>Ser\u00e1 la llave para el \u00e9xito de tu proyecto. En este documento enumeramos punto a punto la necesidad funcional de cada estancia, tus gustos y preferencias, los &#8220;must&#8221;. Y el techo m\u00e1ximo de la inversi\u00f3n.<\/p>\n\n\t\t\t<\/div>\n\t\t<\/div>\n\t<\/div>\n\t\n\n\t\t<\/div>\n\t\t\t\t\n<style>\n#col-2137608041 > .col-inner {\n  padding: 0px 0px 0px 24px;\n}\n<\/style>\n\t<\/div>\n\n\t\n\n<\/div>\n<div class=\"row\"  id=\"row-2007612260\">\n\n\n\t<div id=\"col-829630593\" class=\"col medium-6 small-12 large-6 col-divided\"  >\n\t\t\t\t<div class=\"col-inner\"  >\n\t\t\t\n\t\t\t\n\n\t<div class=\"box has-hover   has-hover box-text-bottom\" >\n\n\t\t<div class=\"box-image\" style=\"width:15%;\">\n\t\t\t\t\t\t<div class=\"image-cover\" style=\"padding-top:100%;\">\n\t\t\t\t<img loading=\"lazy\" decoding=\"async\" width=\"600\" height=\"600\" src=\"https:\/\/inmaculadabad.com\/wp-content\/uploads\/2023\/07\/icon2.png\" class=\"attachment- size-\" alt=\"\" srcset=\"https:\/\/inmaculadabad.com\/wp-content\/uploads\/2023\/07\/icon2.png 600w, https:\/\/inmaculadabad.com\/wp-content\/uploads\/2023\/07\/icon2-100x100.png 100w, https:\/\/inmaculadabad.com\/wp-content\/uploads\/2023\/07\/icon2-300x300.png 300w, https:\/\/inmaculadabad.com\/wp-content\/uploads\/2023\/07\/icon2-150x150.png 150w\" sizes=\"auto, (max-width: 600px) 100vw, 600px\" \/>\t\t\t\t\t\t\t\t\t\t\t<\/div>\n\t\t\t\t\t<\/div>\n\n\t\t<div class=\"box-text text-center\" >\n\t\t\t<div class=\"box-text-inner\">\n\t\t\t\t\n\n<p>\u00a0<\/p>\n<h4>Trabajamos en tu Proyecto<\/h4>\n<p>\u00a0<\/p>\n<p>Ser\u00e1 la llave para el \u00e9xito de tu proyecto. En este documento enumeramos punto a punto la necesidad funcional de cada estancia, tus gustos y preferencias, los &#8220;must&#8221;. Y el techo m\u00e1ximo de la inversi\u00f3n.<\/p>\n\n\t\t\t<\/div>\n\t\t<\/div>\n\t<\/div>\n\t\n\n\t\t<\/div>\n\t\t\t\t\n<style>\n#col-829630593 > .col-inner {\n  padding: 0px 24px 0px 0px;\n}\n<\/style>\n\t<\/div>\n\n\t\n\n\t<div id=\"col-1205798192\" class=\"col medium-6 small-12 large-6\"  >\n\t\t\t\t<div class=\"col-inner\"  >\n\t\t\t\n\t\t\t\n\n\t<div class=\"box has-hover   has-hover box-text-bottom\" >\n\n\t\t<div class=\"box-image\" style=\"width:15%;\">\n\t\t\t\t\t\t<div class=\"image-cover\" style=\"padding-top:100%;\">\n\t\t\t\t<img loading=\"lazy\" decoding=\"async\" width=\"600\" height=\"600\" src=\"https:\/\/inmaculadabad.com\/wp-content\/uploads\/2023\/07\/icon4.png\" class=\"attachment- size-\" alt=\"\" srcset=\"https:\/\/inmaculadabad.com\/wp-content\/uploads\/2023\/07\/icon4.png 600w, https:\/\/inmaculadabad.com\/wp-content\/uploads\/2023\/07\/icon4-100x100.png 100w, https:\/\/inmaculadabad.com\/wp-content\/uploads\/2023\/07\/icon4-300x300.png 300w, https:\/\/inmaculadabad.com\/wp-content\/uploads\/2023\/07\/icon4-150x150.png 150w\" sizes=\"auto, (max-width: 600px) 100vw, 600px\" \/>\t\t\t\t\t\t\t\t\t\t\t<\/div>\n\t\t\t\t\t<\/div>\n\n\t\t<div class=\"box-text text-center\" >\n\t\t\t<div class=\"box-text-inner\">\n\t\t\t\t\n\n<p>\u00a0<\/p>\n<h4>Vista 3D del Proyecto<\/h4>\n<p>\u00a0<\/p>\n<p>Si lo deseas realizamos renders (3D) del espacio para que puedas visualizar la idea final. El objetivo de las vistas 3D es visualizar tu proyecto antes de empezarlo hasta encontrar el dise\u00f1o que mejor se adapte a tu esencia.<\/p>\n\n\t\t\t<\/div>\n\t\t<\/div>\n\t<\/div>\n\t\n\n\t\t<\/div>\n\t\t\t\t\n<style>\n#col-1205798192 > .col-inner {\n  margin: 0px 0px 0px 24px;\n}\n<\/style>\n\t<\/div>\n\n\t\n\n<\/div>\n\n\t\t<\/div>\n\n\t\t\n<style>\n#section_441914659 {\n  padding-top: 10px;\n  padding-bottom: 10px;\n}\n<\/style>\n\t<\/section>\n\t\n<div class=\"message-box relative dark\" style=\"padding-top:36px;padding-bottom:36px;\"><div class=\"message-box-bg-image bg-fill fill\" ><\/div><div class=\"message-box-bg-overlay bg-fill fill\" style=\"background-color:rgba(192, 165, 106, 0.72);\"><\/div><div class=\"container relative\"><div class=\"inner last-reset\">\n\n<div class=\"row align-middle\"  id=\"row-2085807629\">\n\n\n\t<div id=\"col-34599722\" class=\"col medium-7 small-12 large-7\"  >\n\t\t\t\t<div class=\"col-inner\"  >\n\t\t\t\n\t\t\t\n\n<h2 class=\"uppercase\"><span style=\"font-size: 90%\">Transforma tu espacio con nuestro exclusivo dise\u00f1o interior<\/span><\/h2>\n<p>\u00a1Descubre nuestro exclusivo cat\u00e1logo de dise\u00f1o interior y transforma tu espacio hoy mismo! Cont\u00e1ctanos para una consulta personalizada y deja que nuestro equipo de expertos en interiorismo haga realidad tus sue\u00f1os. \u00a1Contactar aqu\u00ed para obtener m\u00e1s informaci\u00f3n y dar vida a tus ideas!<\/p>\n\n\t\t<\/div>\n\t\t\t\t\t<\/div>\n\n\t\n\n\t<div id=\"col-1704858026\" class=\"col medium-5 small-12 large-5\"  >\n\t\t\t\t<div class=\"col-inner text-right\"  >\n\t\t\t\n\t\t\t\n\n<a data-animate=\"flipInY\" class=\"button white is-outline is-larger\"  >\n    <span>CONTACTAR CON NOSTROS<\/span>\n  <\/a>\n\n\n\n\t\t<\/div>\n\t\t\t\t\t<\/div>\n\n\t\n\n<\/div>\n\n<\/div><\/div><\/div>","protected":false},"excerpt":{"rendered":"","protected":false},"author":1,"featured_media":0,"parent":0,"menu_order":0,"comment_status":"closed","ping_status":"closed","template":"page-blank.php","meta":{"footnotes":""},"class_list":["post-1591","page","type-page","status-publish","hentry"],"_links":{"self":[{"href":"https:\/\/inmaculadabad.com\/en\/wp-json\/wp\/v2\/pages\/1591","targetHints":{"allow":["GET"]}}],"collection":[{"href":"https:\/\/inmaculadabad.com\/en\/wp-json\/wp\/v2\/pages"}],"about":[{"href":"https:\/\/inmaculadabad.com\/en\/wp-json\/wp\/v2\/types\/page"}],"author":[{"embeddable":true,"href":"https:\/\/inmaculadabad.com\/en\/wp-json\/wp\/v2\/users\/1"}],"replies":[{"embeddable":true,"href":"https:\/\/inmaculadabad.com\/en\/wp-json\/wp\/v2\/comments?post=1591"}],"version-history":[{"count":0,"href":"https:\/\/inmaculadabad.com\/en\/wp-json\/wp\/v2\/pages\/1591\/revisions"}],"wp:attachment":[{"href":"https:\/\/inmaculadabad.com\/en\/wp-json\/wp\/v2\/media?parent=1591"}],"curies":[{"name":"wp","href":"https:\/\/api.w.org\/{rel}","templated":true}]}}